{"id":275,"date":"2024-08-29T14:22:16","date_gmt":"2024-08-29T14:22:16","guid":{"rendered":"https:\/\/primecreditum.com\/?page_id=275"},"modified":"2025-09-02T20:46:02","modified_gmt":"2025-09-02T20:46:02","slug":"politica-de-privacidade","status":"publish","type":"page","link":"https:\/\/primecreditum.com\/index.php\/politica-de-privacidade\/","title":{"rendered":"Pol\u00edtica de Privacidade"},"content":{"rendered":"\t\t<div data-elementor-type=\"wp-page\" data-elementor-id=\"275\" class=\"elementor elementor-275\" data-elementor-post-type=\"page\">\n\t\t\t\t<div class=\"elementor-element elementor-element-8edf986 e-flex e-con-boxed e-con e-parent\" data-id=\"8edf986\" data-element_type=\"container\" data-e-type=\"container\" data-settings=\"{&quot;background_background&quot;:&quot;classic&quot;}\">\n\t\t\t\t\t<div class=\"e-con-inner\">\n\t\t\t\t<div class=\"elementor-element elementor-element-fd33159 elementor-widget elementor-widget-heading\" data-id=\"fd33159\" data-element_type=\"widget\" data-e-type=\"widget\" data-widget_type=\"heading.default\">\n\t\t\t\t<div class=\"elementor-widget-container\">\n\t\t\t\t\t<h2 class=\"elementor-heading-title elementor-size-default\">Pol\u00edtica de privacidade ao abrigo do regulamento geral de prote\u00e7\u00e3o de dados:<\/h2>\t\t\t\t<\/div>\n\t\t\t\t<\/div>\n\t\t\t\t<div class=\"elementor-element elementor-element-e60bb21 elementor-widget elementor-widget-text-editor\" data-id=\"e60bb21\" data-element_type=\"widget\" data-e-type=\"widget\" data-widget_type=\"text-editor.default\">\n\t\t\t\t<div class=\"elementor-widget-container\">\n\t\t\t\t\t\t\t\t\t<p>Este website \u00e9 da titularidade da By the World, Lda. Temos um compromisso com a Privacidade e a Seguran\u00e7a dos seus dados pessoais.<\/p><p>No seguimento do contacto de V. Exa. para a prestac\u0327a\u0303o de um servic\u0327o de intermediac\u0327a\u0303o de cre\u0301dito pela By the World, lda, pessoa coletiva no 513386785, com sede no Largo Carlos Selvagem no4-C 1500-140 lisboa, no a\u0302mbito do qual sera\u0303o recolhidos e tratados dados pessoais dos quais e\u0301 titular, somos a informar V. Exa. do seguinte:<\/p><p><strong>IDENTIFICAC\u0327A\u0303O DO RESPONSA\u0301VEL PELO TRATAMENTO:<\/strong><\/p><p><strong>Denomina\u00e7\u00e3o Social<\/strong>: By the World, Lda<\/p><p><strong>N\u00ba de Registo junto do Banco de Portugal<\/strong>: 0007427<\/p><p><strong>Sede<\/strong>: Largo Carlos Selvagem, 4-C 1500-140 Lisboa<\/p><p><strong>Respons\u00e1vel<\/strong>: Hugo Silva<\/p><p><strong>Contacto<\/strong>: +351\u00a0913\u00a0058\u00a0898 E-mail: <span style=\"color: #003366;\"><a style=\"color: #003366;\" href=\"mailto:hsilva@btwportugal.com\">hsilva@btwportugal.com<\/a><\/span><\/p><p>A presente pol\u00edtica de Privacidade pode ser alterada e atualizada sendo as novas vers\u00f5es publicadas neste website.<\/p><p><strong>DADOS PESSOAIS RECOLHIDOS:<\/strong><\/p><ol><li style=\"list-style-type: none;\"><ol><li>Nome<\/li><li>Email<\/li><li>Contacto telef\u00f3nico<\/li><li>Morada<\/li><\/ol><\/li><\/ol><p><strong>\u00a0<\/strong><\/p><p><strong>\u00a0<br \/><\/strong><strong>FINALIDADE DE TRATAMENTO DOS DADOS RECOLHIDOS: <\/strong><\/p><p>Os seus dados poder\u00e3o ser tratados com diferentes finalidades, consoante a intera\u00e7\u00e3o que efetue:<\/p><ul><li>Resposta \u00e0s suas solicita\u00e7\u00f5es<\/li><li>Fornecimento dos nossos servi\u00e7os<\/li><li>A\u00e7\u00f5es comerciais e de marketing<\/li><\/ul><p><strong>\u00a0<\/strong><\/p><p><strong><br \/>PRAZO DE CONSERVAC\u0327A\u0303O DOS DADOS PESSOAIS: <\/strong><\/p><p>O prazo pode variar conforme a finalidade para que foram tratados:<\/p><ul><li>Durante os prazos legais aplic\u00e1veis<\/li><li>Pelo peri\u0301odo necessa\u0301rio para as finalidades que motivaram a sua recolha ou o seu posterior tratamento<\/li><\/ul><p><strong>\u00a0<\/strong><\/p><p><strong>\u00a0<br \/><\/strong><strong>TRANSMISS\u00c3O DOS DADOS PESSOAIS:<\/strong><\/p><p>Os seus dados poder\u00e3o ser transmitidos a entidades terceiras por obriga\u00e7\u00f5es legais quando tal for aplic\u00e1vel ou apenas com a sua autoriza\u00e7\u00e3o expressa<strong>.<\/strong><\/p><p><strong>\u00a0<\/strong><\/p><p><strong>DIREITO DO TITULAR DOS DADOS:<\/strong><\/p><p>O Titular dos dados pessoais recolhidos (com o seu consentimento) pelo Responsa\u0301vel pelo Tratamento, tem o direito de acesso, de retificac\u0327a\u0303o, de oposic\u0327a\u0303o, de portabilidade, de limitac\u0327a\u0303o de tratamento e de apagamento desses mesmos dados, o qual podera\u0301 exercer junto do Intermedia\u0301rio de Cre\u0301dito. Caso haja a retirada total de consentimento, o titular dos dados fica desde ja\u0301 informado de que a revogac\u0327a\u0303o do consentimento apenas produz efeitos para o futuro.<\/p><p>No caso de pretender usar os seus direitos relativos aos seus dados pessoais dever\u00e1 enviar um email para <span style=\"color: #003366;\"><a style=\"color: #003366;\" href=\"mailto:hsilv@btwportugal.com\">hsilv@btwportugal.com<\/a>.<\/span><\/p><p>Em \u00faltima inst\u00e2ncia poder\u00e1 apresentar uma reclama\u00e7\u00e3o junto da Comiss\u00e3o Nacional de Prote\u00e7\u00e3o de Dados em <span style=\"color: #003366;\"><a style=\"color: #003366;\" href=\"http:\/\/www.cnpd.pt\">www.cnpd.pt<\/a>.<\/span><\/p>\t\t\t\t\t\t\t\t<\/div>\n\t\t\t\t<\/div>\n\t\t\t\t\t<\/div>\n\t\t\t\t<\/div>\n\t\t<div class=\"elementor-element elementor-element-71a36eb e-con-full e-flex e-con e-parent\" data-id=\"71a36eb\" data-element_type=\"container\" data-e-type=\"container\" data-settings=\"{&quot;background_background&quot;:&quot;classic&quot;}\">\n\t\t<div class=\"elementor-element elementor-element-8731262 e-con-full e-flex e-con e-child\" data-id=\"8731262\" data-element_type=\"container\" data-e-type=\"container\">\n\t\t\t\t<div class=\"elementor-element elementor-element-00caa5e elementor-widget elementor-widget-image\" data-id=\"00caa5e\" data-element_type=\"widget\" data-e-type=\"widget\" data-widget_type=\"image.default\">\n\t\t\t\t<div class=\"elementor-widget-container\">\n\t\t\t\t\t\t\t\t\t\t\t\t\t\t\t\t<a href=\"http:\/\/www.primecreditum.com\">\n\t\t\t\t\t\t\t<img decoding=\"async\" width=\"501\" height=\"88\" src=\"https:\/\/primecreditum.com\/wp-content\/uploads\/2024\/03\/Logo_no_background.png\" class=\"attachment-large size-large wp-image-31\" alt=\"\" srcset=\"https:\/\/primecreditum.com\/wp-content\/uploads\/2024\/03\/Logo_no_background.png 501w, https:\/\/primecreditum.com\/wp-content\/uploads\/2024\/03\/Logo_no_background-300x53.png 300w\" sizes=\"(max-width: 501px) 100vw, 501px\" \/>\t\t\t\t\t\t\t\t<\/a>\n\t\t\t\t\t\t\t\t\t\t\t\t\t\t\t<\/div>\n\t\t\t\t<\/div>\n\t\t\t\t<div class=\"elementor-element elementor-element-a743564 elementor-shape-rounded elementor-grid-0 e-grid-align-center elementor-widget elementor-widget-social-icons\" data-id=\"a743564\" data-element_type=\"widget\" data-e-type=\"widget\" data-widget_type=\"social-icons.default\">\n\t\t\t\t<div class=\"elementor-widget-container\">\n\t\t\t\t\t\t\t<div class=\"elementor-social-icons-wrapper elementor-grid\" role=\"list\">\n\t\t\t\t\t\t\t<span class=\"elementor-grid-item\" role=\"listitem\">\n\t\t\t\t\t<a class=\"elementor-icon elementor-social-icon elementor-social-icon-instagram elementor-animation-shrink elementor-repeater-item-81bb1d8\" href=\"https:\/\/www.instagram.com\/primecreditum\" target=\"_blank\">\n\t\t\t\t\t\t<span class=\"elementor-screen-only\">Instagram<\/span>\n\t\t\t\t\t\t<svg aria-hidden=\"true\" class=\"e-font-icon-svg e-fab-instagram\" viewBox=\"0 0 448 512\" xmlns=\"http:\/\/www.w3.org\/2000\/svg\"><path d=\"M224.1 141c-63.6 0-114.9 51.3-114.9 114.9s51.3 114.9 114.9 114.9S339 319.5 339 255.9 287.7 141 224.1 141zm0 189.6c-41.1 0-74.7-33.5-74.7-74.7s33.5-74.7 74.7-74.7 74.7 33.5 74.7 74.7-33.6 74.7-74.7 74.7zm146.4-194.3c0 14.9-12 26.8-26.8 26.8-14.9 0-26.8-12-26.8-26.8s12-26.8 26.8-26.8 26.8 12 26.8 26.8zm76.1 27.2c-1.7-35.9-9.9-67.7-36.2-93.9-26.2-26.2-58-34.4-93.9-36.2-37-2.1-147.9-2.1-184.9 0-35.8 1.7-67.6 9.9-93.9 36.1s-34.4 58-36.2 93.9c-2.1 37-2.1 147.9 0 184.9 1.7 35.9 9.9 67.7 36.2 93.9s58 34.4 93.9 36.2c37 2.1 147.9 2.1 184.9 0 35.9-1.7 67.7-9.9 93.9-36.2 26.2-26.2 34.4-58 36.2-93.9 2.1-37 2.1-147.8 0-184.8zM398.8 388c-7.8 19.6-22.9 34.7-42.6 42.6-29.5 11.7-99.5 9-132.1 9s-102.7 2.6-132.1-9c-19.6-7.8-34.7-22.9-42.6-42.6-11.7-29.5-9-99.5-9-132.1s-2.6-102.7 9-132.1c7.8-19.6 22.9-34.7 42.6-42.6 29.5-11.7 99.5-9 132.1-9s102.7-2.6 132.1 9c19.6 7.8 34.7 22.9 42.6 42.6 11.7 29.5 9 99.5 9 132.1s2.7 102.7-9 132.1z\"><\/path><\/svg>\t\t\t\t\t<\/a>\n\t\t\t\t<\/span>\n\t\t\t\t\t\t\t<span class=\"elementor-grid-item\" role=\"listitem\">\n\t\t\t\t\t<a class=\"elementor-icon elementor-social-icon elementor-social-icon-facebook elementor-animation-shrink elementor-repeater-item-d9664db\" href=\"https:\/\/www.facebook.com\/profile.php?id=61564915270532&#038;rdid=BblZhYnTv7lLyhrN&#038;share_url=https%3A%2F%2Fwww.facebook.com%2Fshare%2FiHmvfz3w8FQKjVSx%2F\" target=\"_blank\">\n\t\t\t\t\t\t<span class=\"elementor-screen-only\">Facebook<\/span>\n\t\t\t\t\t\t<svg aria-hidden=\"true\" class=\"e-font-icon-svg e-fab-facebook\" viewBox=\"0 0 512 512\" xmlns=\"http:\/\/www.w3.org\/2000\/svg\"><path d=\"M504 256C504 119 393 8 256 8S8 119 8 256c0 123.78 90.69 226.38 209.25 245V327.69h-63V256h63v-54.64c0-62.15 37-96.48 93.67-96.48 27.14 0 55.52 4.84 55.52 4.84v61h-31.28c-30.8 0-40.41 19.12-40.41 38.73V256h68.78l-11 71.69h-57.78V501C413.31 482.38 504 379.78 504 256z\"><\/path><\/svg>\t\t\t\t\t<\/a>\n\t\t\t\t<\/span>\n\t\t\t\t\t<\/div>\n\t\t\t\t\t\t<\/div>\n\t\t\t\t<\/div>\n\t\t\t\t<\/div>\n\t\t<div class=\"elementor-element elementor-element-c8b9dad e-con-full e-flex e-con e-child\" data-id=\"c8b9dad\" data-element_type=\"container\" data-e-type=\"container\">\n\t\t\t\t<div class=\"elementor-element elementor-element-141038f elementor-widget elementor-widget-heading\" data-id=\"141038f\" data-element_type=\"widget\" data-e-type=\"widget\" data-widget_type=\"heading.default\">\n\t\t\t\t<div class=\"elementor-widget-container\">\n\t\t\t\t\t<h2 class=\"elementor-heading-title elementor-size-default\">Links \u00dateis<\/h2>\t\t\t\t<\/div>\n\t\t\t\t<\/div>\n\t\t\t\t<div class=\"elementor-element elementor-element-fd9cac4 elementor-widget elementor-widget-heading\" data-id=\"fd9cac4\" data-element_type=\"widget\" data-e-type=\"widget\" data-widget_type=\"heading.default\">\n\t\t\t\t<div class=\"elementor-widget-container\">\n\t\t\t\t\t<h2 class=\"elementor-heading-title elementor-size-default\"><a href=\"https:\/\/primecreditum.com\/index.php\/informacao-legal\/\">Informa\u00e7\u00e3o Legal<\/a><\/h2>\t\t\t\t<\/div>\n\t\t\t\t<\/div>\n\t\t\t\t<div class=\"elementor-element elementor-element-5022457 elementor-widget elementor-widget-heading\" data-id=\"5022457\" data-element_type=\"widget\" data-e-type=\"widget\" data-widget_type=\"heading.default\">\n\t\t\t\t<div class=\"elementor-widget-container\">\n\t\t\t\t\t<h2 class=\"elementor-heading-title elementor-size-default\"><a href=\"https:\/\/primecreditum.com\/index.php\/politica-de-privacidade\/\">Pol\u00edtica de Privacidade<\/a><\/h2>\t\t\t\t<\/div>\n\t\t\t\t<\/div>\n\t\t\t\t<div class=\"elementor-element elementor-element-c943ccc elementor-widget elementor-widget-heading\" data-id=\"c943ccc\" data-element_type=\"widget\" data-e-type=\"widget\" data-widget_type=\"heading.default\">\n\t\t\t\t<div class=\"elementor-widget-container\">\n\t\t\t\t\t<h2 class=\"elementor-heading-title elementor-size-default\"><a href=\"https:\/\/www.livroreclamacoes.pt\/\">Livro de Reclama\u00e7\u00f5es<\/a><\/h2>\t\t\t\t<\/div>\n\t\t\t\t<\/div>\n\t\t\t\t<div class=\"elementor-element elementor-element-cd7b24a elementor-widget elementor-widget-heading\" data-id=\"cd7b24a\" data-element_type=\"widget\" data-e-type=\"widget\" data-widget_type=\"heading.default\">\n\t\t\t\t<div class=\"elementor-widget-container\">\n\t\t\t\t\t<h2 class=\"elementor-heading-title elementor-size-default\"><a href=\"https:\/\/primecreditum.com\/index.php\/sobre-nos\/\">Quem somos<\/a><\/h2>\t\t\t\t<\/div>\n\t\t\t\t<\/div>\n\t\t\t\t<\/div>\n\t\t<div class=\"elementor-element elementor-element-e48dcfc e-con-full e-flex e-con e-child\" data-id=\"e48dcfc\" data-element_type=\"container\" data-e-type=\"container\">\n\t\t\t\t<div class=\"elementor-element elementor-element-6fd3688 elementor-widget elementor-widget-heading\" data-id=\"6fd3688\" data-element_type=\"widget\" data-e-type=\"widget\" data-widget_type=\"heading.default\">\n\t\t\t\t<div class=\"elementor-widget-container\">\n\t\t\t\t\t<h2 class=\"elementor-heading-title elementor-size-default\">Contactos<\/h2>\t\t\t\t<\/div>\n\t\t\t\t<\/div>\n\t\t\t\t<div class=\"elementor-element elementor-element-1fb3032 elementor-widget elementor-widget-text-editor\" data-id=\"1fb3032\" data-element_type=\"widget\" data-e-type=\"widget\" data-widget_type=\"text-editor.default\">\n\t\t\t\t<div class=\"elementor-widget-container\">\n\t\t\t\t\t\t\t\t\t<p>Rua Abranches Ferr\u00e3o, 23, Piso 3 &#8211; Sala D<br \/>1600 &#8211; 898 Lisboa, Portugal<\/p><p>(+351) 914 595 598<\/p><p>comercial@primecreditum.com<\/p>\t\t\t\t\t\t\t\t<\/div>\n\t\t\t\t<\/div>\n\t\t\t\t<\/div>\n\t\t\t\t<\/div>\n\t\t\t\t<\/div>\n\t\t","protected":false},"excerpt":{"rendered":"<p>Pol\u00edtica de privacidade ao abrigo do regulamento geral de prote\u00e7\u00e3o de dados: Este website \u00e9 da titularidade da By the World, Lda. Temos um compromisso com a Privacidade e a Seguran\u00e7a dos seus dados pessoais. No seguimento do contacto de V. Exa. para a prestac\u0327a\u0303o de um servic\u0327o de intermediac\u0327a\u0303o de cre\u0301dito pela By the [&hellip;]<\/p>\n","protected":false},"author":1,"featured_media":0,"parent":0,"menu_order":0,"comment_status":"closed","ping_status":"closed","template":"","meta":{"footnotes":""},"class_list":["post-275","page","type-page","status-publish","hentry"],"aioseo_notices":[],"_links":{"self":[{"href":"https:\/\/primecreditum.com\/index.php\/wp-json\/wp\/v2\/pages\/275","targetHints":{"allow":["GET"]}}],"collection":[{"href":"https:\/\/primecreditum.com\/index.php\/wp-json\/wp\/v2\/pages"}],"about":[{"href":"https:\/\/primecreditum.com\/index.php\/wp-json\/wp\/v2\/types\/page"}],"author":[{"embeddable":true,"href":"https:\/\/primecreditum.com\/index.php\/wp-json\/wp\/v2\/users\/1"}],"replies":[{"embeddable":true,"href":"https:\/\/primecreditum.com\/index.php\/wp-json\/wp\/v2\/comments?post=275"}],"version-history":[{"count":13,"href":"https:\/\/primecreditum.com\/index.php\/wp-json\/wp\/v2\/pages\/275\/revisions"}],"predecessor-version":[{"id":461,"href":"https:\/\/primecreditum.com\/index.php\/wp-json\/wp\/v2\/pages\/275\/revisions\/461"}],"wp:attachment":[{"href":"https:\/\/primecreditum.com\/index.php\/wp-json\/wp\/v2\/media?parent=275"}],"curies":[{"name":"wp","href":"https:\/\/api.w.org\/{rel}","templated":true}]}}